{"id":1288,"date":"2024-09-16T08:51:13","date_gmt":"2024-09-16T01:51:13","guid":{"rendered":"https:\/\/hoachatkhukhuan.vn\/san-pham\/quantumtec-pre-satureted-nonwoven-cp-wipes\/"},"modified":"2024-10-21T09:37:31","modified_gmt":"2024-10-21T02:37:31","slug":"quantumtec-pre-satureted-nonwoven-cp-wipes-vi","status":"publish","type":"product","link":"https:\/\/hoachatkhukhuan.vn\/vi\/quantumtec-pre-satureted-nonwoven-cp-wipes-vi\/","title":{"rendered":"QuantumTec <br>Kh\u0103n lau kh\u00f4ng d\u1ec7t CP"},"content":{"rendered":"<p>Kh\u0103n lau ph\u00f2ng s\u1ea1ch c\u1ee7a Quantumtec v\u1edbi hai th\u00e0nh ph\u1ea7n l\u00e0 Cellulose (b\u1ed9t g\u1ed7) v\u00e0 s\u1ee3i Polyester l\u00e0 m\u1ed9t l\u1ef1a ch\u1ecdn hi\u1ec7u qu\u1ea3 v\u1ec1 kinh t\u1ebf trong ph\u00f2ng s\u1ea1ch, gi\u00fap gi\u1ea3m thi\u1ec3u h\u00e0m l\u01b0\u1ee3ng b\u1ee5i v\u00e0 s\u1ee3i fiber \u1edf m\u1ee9c th\u1ea5p v\u1edbi gi\u00e1 c\u1ea3 ph\u1ea3i ch\u0103ng. Nh\u1eefng kh\u0103n tay n\u00e0y v\u1edbi kh\u1ea3 n\u0103ng h\u1ea5p th\u1ee5 ch\u1ea5t l\u1ecfng cao, c\u00f3 th\u1ec3 s\u1eed d\u1ee5ng trong nhi\u1ec1u \u1ee9ng d\u1ee5ng l\u00e0m s\u1ea1ch nh\u01b0 l\u00e0 kh\u1eed tr\u00f9ng c\u00e1c v\u1eadt ph\u1ea9m tr\u01b0\u1edbc khi \u0111\u01b0a v\u00e0o ph\u00f2ng s\u1ea1ch, l\u00e0m s\u1ea1ch \u0111\u1ecbnh k\u1ef3 v\u00e0 d\u00f9ng \u0111\u1ec3 lau ch\u00f9i c\u00e1c c\u00f4ng c\u1ee5, d\u1ee5ng c\u1ee5 v\u00e0 thi\u1ebft b\u1ecb kh\u00e1c. Kh\u0103n lau ph\u00f2ng s\u1ea1ch v\u1edbi hai th\u00e0nh ph\u1ea7n l\u00e0 Cellulose (b\u1ed9t g\u1ed7) v\u00e0 s\u1ee3i Polyester \u0111\u00e3 t\u1ea9m v\u1edbi dung d\u1ecbch 70% IPA, 70% SDA v\u00e0 Detergent RTU.<\/p>\n<p><b>Kh\u0103n lau kh\u00f4ng d\u1ec7t (Non-Woven CP Wipes)<\/b><\/p>\n<p>Kh\u0103n lau kh\u00f4ng d\u1ec7t bao g\u1ed3m 55% s\u1ee3i Cellulose (b\u1ed9t g\u1ed7) v\u00e0 45% h\u1ed7n h\u1ee3p Polyester &amp; Cellulose Blends (v\u1ea3i kh\u00f4ng d\u1ec7t). \u0110\u01b0\u1ee3c thi\u1ebft k\u1ebf \u0111\u1eb7c bi\u1ec7t cho c\u00e1c \u1ee9ng d\u1ee5ng \u0111\u00f2i h\u1ecfi ph\u1ea3i c\u00f3 s\u1ef1 k\u1ebft h\u1ee3p gi\u1eefa \u0111\u1ed9 th\u1ea5m h\u00fat cao v\u00e0 \u0111\u1ed9 k\u00e9o cao hai chi\u1ec1u. Kh\u0103n lau n\u00e0y l\u00e0 v\u1eadt li\u1ec7u ho\u00e0n h\u1ea3o cho vi\u1ec7c l\u00e0m s\u1ea1ch v\u00e0 lau ch\u00f9i th\u00f4ng d\u1ee5ng.<\/p>\n","protected":false},"excerpt":{"rendered":"<p>Kh\u0103n lau ph\u00f2ng s\u1ea1ch c\u1ee7a Quantumtec v\u1edbi hai th\u00e0nh ph\u1ea7n l\u00e0 Cellulose (b\u1ed9t g\u1ed7) v\u00e0 s\u1ee3i Polyester l\u00e0 m\u1ed9t l\u1ef1a ch\u1ecdn hi\u1ec7u qu\u1ea3 v\u1ec1 kinh t\u1ebf trong ph\u00f2ng s\u1ea1ch, gi\u00fap gi\u1ea3m thi\u1ec3u h\u00e0m l\u01b0\u1ee3ng b\u1ee5i v\u00e0 s\u1ee3i fiber \u1edf m\u1ee9c th\u1ea5p v\u1edbi gi\u00e1 c\u1ea3 ph\u1ea3i ch\u0103ng. Nh\u1eefng kh\u0103n tay n\u00e0y v\u1edbi kh\u1ea3 n\u0103ng h\u1ea5p th\u1ee5 [&hellip;]<\/p>\n","protected":false},"featured_media":1026,"comment_status":"open","ping_status":"closed","template":"","meta":{"_acf_changed":false,"rank_math_lock_modified_date":false},"product_cat":[58],"product_tag":[],"class_list":{"0":"post-1288","1":"product","2":"type-product","3":"status-publish","4":"has-post-thumbnail","6":"product_cat-qt-pre-saturated-wipes-vi","8":"first","9":"instock","10":"shipping-taxable","11":"product-type-simple"},"acf":[],"_links":{"self":[{"href":"https:\/\/hoachatkhukhuan.vn\/vi\/wp-json\/wp\/v2\/product\/1288","targetHints":{"allow":["GET"]}}],"collection":[{"href":"https:\/\/hoachatkhukhuan.vn\/vi\/wp-json\/wp\/v2\/product"}],"about":[{"href":"https:\/\/hoachatkhukhuan.vn\/vi\/wp-json\/wp\/v2\/types\/product"}],"replies":[{"embeddable":true,"href":"https:\/\/hoachatkhukhuan.vn\/vi\/wp-json\/wp\/v2\/comments?post=1288"}],"wp:featuredmedia":[{"embeddable":true,"href":"https:\/\/hoachatkhukhuan.vn\/vi\/wp-json\/wp\/v2\/media\/1026"}],"wp:attachment":[{"href":"https:\/\/hoachatkhukhuan.vn\/vi\/wp-json\/wp\/v2\/media?parent=1288"}],"wp:term":[{"taxonomy":"product_cat","embeddable":true,"href":"https:\/\/hoachatkhukhuan.vn\/vi\/wp-json\/wp\/v2\/product_cat?post=1288"},{"taxonomy":"product_tag","embeddable":true,"href":"https:\/\/hoachatkhukhuan.vn\/vi\/wp-json\/wp\/v2\/product_tag?post=1288"}],"curies":[{"name":"wp","href":"https:\/\/api.w.org\/{rel}","templated":true}]}}