{"id":1282,"date":"2024-08-27T09:55:16","date_gmt":"2024-08-27T02:55:16","guid":{"rendered":"https:\/\/hoachatkhukhuan.vn\/san-pham\/quantumtec-bac-t-clear-alcohol-free-hand-sanitiser\/"},"modified":"2024-10-21T09:28:59","modified_gmt":"2024-10-21T02:28:59","slug":"quantumtec-bac-t-clear-alcohol-free-hand-sanitiser","status":"publish","type":"product","link":"https:\/\/hoachatkhukhuan.vn\/vi\/quantumtec-bac-t-clear-alcohol-free-hand-sanitiser\/","title":{"rendered":"N\u01b0\u1edbc r\u1eeda tay c\u00f3 c\u1ed3n QuantumTec BAC-T-CLEAR"},"content":{"rendered":"<p><strong>N\u01b0\u1edbc r\u1eeda tay kh\u00e1ng khu\u1ea9n QT BAC-T-CLEAR<\/strong>\u00a0kh\u00f4ng ch\u1ee9a c\u1ed3n v\u00e0 triclosan, c\u00f3 kh\u1ea3 n\u0103ng ti\u00eau di\u1ec7t \u0111\u1ebfn 99,99% vi khu\u1ea9n v\u00e0 vi-r\u00fat, c\u00f3 t\u00e1c d\u1ee5ng l\u00e0m d\u1ecbu v\u00e0 duy tr\u00ec \u0111\u1ed9 \u1ea9m, kh\u00f4ng l\u00e0m kh\u00f4 da tay.<\/p>\n<p><strong>T\u1ea1i sao kh\u00f4ng c\u00f3 c\u1ed3n?<\/strong>\u00a0\u0110\u1ed1i v\u1edbi n\u01b0\u1edbc r\u1eeda tay c\u00f3 c\u1ed3n c\u1ea7n ph\u1ea3i s\u1eed d\u1ee5ng th\u01b0\u1eddng xuy\u00ean sau khi ti\u1ebfp x\u00fac v\u1edbi vi khu\u1ea9n. C\u1ed3n c\u00f3 th\u1ec3 l\u00e0m m\u1ea5t l\u1edbp d\u1ea7u gi\u1eef \u1ea9m tr\u00ean da, khi\u1ebfn cho da tay b\u1ecb kh\u00f4. \u0110i\u1ec1u n\u00e0y d\u1eabn \u0111\u1ebfn vi\u1ec7c vi khu\u1ea9n d\u1ec5 t\u00edch t\u1ee5 trong c\u00e1c l\u1edbp da ch\u1ebft tr\u00ean tay.<\/p>\n<p><strong>B\u1ea3o v\u1ec7 l\u00e2u d\u00e0i<\/strong>. Sau khi s\u1eed d\u1ee5ng n\u01b0\u1edbc r\u1eeda tay c\u00f3 c\u1ed3n, n\u00f3 kh\u00f4ng c\u00f3 kh\u1ea3 n\u0103ng ch\u1ed1ng l\u1ea1i vi khu\u1ea9n hay vi-r\u00fat \u0111\u1ec3 b\u1ea3o v\u1ec7 da tay. Ng\u01b0\u1ee3c l\u1ea1i v\u1edbi n\u01b0\u1edbc r\u1eeda tay QT BAC-T-CLEAR, kh\u1ea3 n\u0103ng l\u00e0m s\u1ea1ch v\u00e0 kh\u00e1ng khu\u1ea9n c\u1ee7a s\u1ea3n ph\u1ea9m r\u1ea5t t\u1ed1t trong m\u1ed9t kho\u1ea3ng th\u1eddi gian d\u00e0i sau khi s\u1eed d\u1ee5ng.<\/p>\n","protected":false},"excerpt":{"rendered":"<p>N\u01b0\u1edbc r\u1eeda tay kh\u00e1ng khu\u1ea9n QT BAC-T-CLEAR\u00a0kh\u00f4ng ch\u1ee9a c\u1ed3n v\u00e0 triclosan, c\u00f3 kh\u1ea3 n\u0103ng ti\u00eau di\u1ec7t \u0111\u1ebfn 99,99% vi khu\u1ea9n v\u00e0 vi-r\u00fat, c\u00f3 t\u00e1c d\u1ee5ng l\u00e0m d\u1ecbu v\u00e0 duy tr\u00ec \u0111\u1ed9 \u1ea9m, kh\u00f4ng l\u00e0m kh\u00f4 da tay. T\u1ea1i sao kh\u00f4ng c\u00f3 c\u1ed3n?\u00a0\u0110\u1ed1i v\u1edbi n\u01b0\u1edbc r\u1eeda tay c\u00f3 c\u1ed3n c\u1ea7n ph\u1ea3i s\u1eed d\u1ee5ng th\u01b0\u1eddng xuy\u00ean sau [&hellip;]<\/p>\n","protected":false},"featured_media":995,"comment_status":"open","ping_status":"closed","template":"","meta":{"_acf_changed":false,"rank_math_lock_modified_date":false},"product_cat":[54],"product_tag":[],"class_list":{"0":"post-1282","1":"product","2":"type-product","3":"status-publish","4":"has-post-thumbnail","6":"product_cat-quantumtec-cleanroom-disinfections-vi","8":"first","9":"instock","10":"shipping-taxable","11":"product-type-simple"},"acf":[],"_links":{"self":[{"href":"https:\/\/hoachatkhukhuan.vn\/vi\/wp-json\/wp\/v2\/product\/1282","targetHints":{"allow":["GET"]}}],"collection":[{"href":"https:\/\/hoachatkhukhuan.vn\/vi\/wp-json\/wp\/v2\/product"}],"about":[{"href":"https:\/\/hoachatkhukhuan.vn\/vi\/wp-json\/wp\/v2\/types\/product"}],"replies":[{"embeddable":true,"href":"https:\/\/hoachatkhukhuan.vn\/vi\/wp-json\/wp\/v2\/comments?post=1282"}],"wp:featuredmedia":[{"embeddable":true,"href":"https:\/\/hoachatkhukhuan.vn\/vi\/wp-json\/wp\/v2\/media\/995"}],"wp:attachment":[{"href":"https:\/\/hoachatkhukhuan.vn\/vi\/wp-json\/wp\/v2\/media?parent=1282"}],"wp:term":[{"taxonomy":"product_cat","embeddable":true,"href":"https:\/\/hoachatkhukhuan.vn\/vi\/wp-json\/wp\/v2\/product_cat?post=1282"},{"taxonomy":"product_tag","embeddable":true,"href":"https:\/\/hoachatkhukhuan.vn\/vi\/wp-json\/wp\/v2\/product_tag?post=1282"}],"curies":[{"name":"wp","href":"https:\/\/api.w.org\/{rel}","templated":true}]}}