{"id":1277,"date":"2024-08-27T09:51:53","date_gmt":"2024-08-27T02:51:53","guid":{"rendered":"https:\/\/hoachatkhukhuan.vn\/san-pham\/chat-diet-bao-tu-qt-sporicide\/"},"modified":"2024-10-21T09:37:07","modified_gmt":"2024-10-21T02:37:07","slug":"chat-diet-bao-tu-qt-sporicide","status":"publish","type":"product","link":"https:\/\/hoachatkhukhuan.vn\/vi\/chat-diet-bao-tu-qt-sporicide\/","title":{"rendered":"Ch\u1ea5t di\u1ec7t b\u00e0o t\u1eed <br>(QuantumTec Sporicide)"},"content":{"rendered":"<p><strong>QT Sporicide<\/strong>\u00a0\u0111\u01b0\u1ee3c \u0111i\u1ec1u ch\u1ebf \u0111\u1ec3 s\u1eed d\u1ee5ng l\u00e0m ch\u1ea5t kh\u1eed tr\u00f9ng ph\u1ed5 r\u1ed9ng tr\u00ean b\u1ec1 m\u1eb7t hay thi\u1ebft b\u1ecb trong c\u00e1c ng\u00e0nh c\u00f4ng nghi\u1ec7p nh\u01b0 d\u01b0\u1ee3c ph\u1ea9m, c\u00f4ng ngh\u1ec7 sinh h\u1ecdc, s\u1ea3n xu\u1ea5t trang thi\u1ebft b\u1ecb y t\u1ebf, trung t\u00e2m nghi\u00ean c\u1ee9u.<br \/>\n<strong>QT Sporicide<\/strong>\u00a0l\u00e0 dung d\u1ecbch g\u1ed3m axit peracetic v\u00e0 hydrogen peroxide. \u0110\u00e2y l\u00e0 m\u1ed9t ch\u1ea5t h\u00f3a h\u1ecdc gi\u00fap ki\u1ec3m so\u00e1t vi khu\u1ea9n nhanh ch\u00f3ng, hi\u1ec7u qu\u1ea3, k\u1ec3 c\u1ea3 b\u00e0o t\u1eed vi khu\u1ea9n.<br \/>\n<strong>QT Sporicide<\/strong>\u00a0c\u00f3 kh\u1ea3 n\u0103ng l\u00e0m s\u1ea1ch, di\u1ec7t khu\u1ea9n, ch\u1ed1ng vi-r\u00fat, khi k\u1ebft h\u1ee3p v\u1edbi c\u00e1c ch\u1ea5t t\u1ea9y r\u1eeda c\u00f3 t\u00ednh ki\u1ec1m s\u1ebd mang l\u1ea1i hi\u1ec7u qu\u1ea3 cao.<br \/>\n\u200bTrong qu\u00e1 tr\u00ecnh s\u1eed d\u1ee5ng, s\u1ea3n ph\u1ea9m n\u00e0y \u0111\u01b0\u1ee3c \u0111i\u1ec1u ch\u1ebf v\u1edbi n\u1ed3ng \u0111\u1ed9 pha lo\u00e3ng l\u00e0 1% v\/v (\u0111\u01b0\u1ee3c s\u1eed d\u1ee5ng l\u00e0m ch\u1ea5t kh\u1eed tr\u00f9ng ph\u1ed5 r\u1ed9ng). Tr\u01b0\u1edbc khi s\u1eed d\u1ee5ng QT Sporicide, c\u00e1c b\u1ec1 m\u1eb7t hay thi\u1ebft b\u1ecb n\u00ean \u0111\u01b0\u1ee3c l\u00e0m s\u1ea1ch tr\u01b0\u1edbc m\u1ed9t ph\u1ea7n.<\/p>\n<h3><b>T\u1ef7 l\u1ec7 pha n\u1ed3ng \u0111\u1ed9 QT Sporicide<\/b><\/h3>\n<p><strong>1. \u0110\u1ed1i v\u1edbi thi\u1ebft b\u1ecb \u0111\u00f3ng g\u00f3i, kh\u00f4ng ti\u1ebfp x\u00fac v\u1edbi th\u1ef1c ph\u1ea9m:<\/strong>\u00a00.5% \u2013 4.0% (40 ounces tr\u00ean 8 gallons n\u01b0\u1edbc)<br \/>\n<strong>2. \u0110\u1ed1i v\u1edbi c\u00e1c thi\u1ebft b\u1ecb trong ng\u00e0nh d\u01b0\u1ee3c:<\/strong>\u00a00.4% \u2013 1.0% (2 ounces tr\u00ean 4 gallons \u2013 3 ounces tr\u00ean 5 gallons n\u01b0\u1edbc)<br \/>\n<strong>3. \u0110\u1ed1i v\u1edbi c\u00e1c thi\u1ebft b\u1ecb trong nh\u00e0 m\u00e1y:<\/strong>\u00a05.0% (6.4 ounces tr\u00ean 1 gallon n\u01b0\u1edbc)<\/p>\n","protected":false},"excerpt":{"rendered":"<p>QT Sporicide\u00a0\u0111\u01b0\u1ee3c \u0111i\u1ec1u ch\u1ebf \u0111\u1ec3 s\u1eed d\u1ee5ng l\u00e0m ch\u1ea5t kh\u1eed tr\u00f9ng ph\u1ed5 r\u1ed9ng tr\u00ean b\u1ec1 m\u1eb7t hay thi\u1ebft b\u1ecb trong c\u00e1c ng\u00e0nh c\u00f4ng nghi\u1ec7p nh\u01b0 d\u01b0\u1ee3c ph\u1ea9m, c\u00f4ng ngh\u1ec7 sinh h\u1ecdc, s\u1ea3n xu\u1ea5t trang thi\u1ebft b\u1ecb y t\u1ebf, trung t\u00e2m nghi\u00ean c\u1ee9u. QT Sporicide\u00a0l\u00e0 dung d\u1ecbch g\u1ed3m axit peracetic v\u00e0 hydrogen peroxide. \u0110\u00e2y l\u00e0 m\u1ed9t [&hellip;]<\/p>\n","protected":false},"featured_media":993,"comment_status":"open","ping_status":"closed","template":"","meta":{"_acf_changed":false,"rank_math_lock_modified_date":false},"product_cat":[54],"product_tag":[],"class_list":{"0":"post-1277","1":"product","2":"type-product","3":"status-publish","4":"has-post-thumbnail","6":"product_cat-quantumtec-cleanroom-disinfections-vi","8":"first","9":"instock","10":"shipping-taxable","11":"product-type-simple"},"acf":[],"_links":{"self":[{"href":"https:\/\/hoachatkhukhuan.vn\/vi\/wp-json\/wp\/v2\/product\/1277","targetHints":{"allow":["GET"]}}],"collection":[{"href":"https:\/\/hoachatkhukhuan.vn\/vi\/wp-json\/wp\/v2\/product"}],"about":[{"href":"https:\/\/hoachatkhukhuan.vn\/vi\/wp-json\/wp\/v2\/types\/product"}],"replies":[{"embeddable":true,"href":"https:\/\/hoachatkhukhuan.vn\/vi\/wp-json\/wp\/v2\/comments?post=1277"}],"wp:featuredmedia":[{"embeddable":true,"href":"https:\/\/hoachatkhukhuan.vn\/vi\/wp-json\/wp\/v2\/media\/993"}],"wp:attachment":[{"href":"https:\/\/hoachatkhukhuan.vn\/vi\/wp-json\/wp\/v2\/media?parent=1277"}],"wp:term":[{"taxonomy":"product_cat","embeddable":true,"href":"https:\/\/hoachatkhukhuan.vn\/vi\/wp-json\/wp\/v2\/product_cat?post=1277"},{"taxonomy":"product_tag","embeddable":true,"href":"https:\/\/hoachatkhukhuan.vn\/vi\/wp-json\/wp\/v2\/product_tag?post=1277"}],"curies":[{"name":"wp","href":"https:\/\/api.w.org\/{rel}","templated":true}]}}