{"id":1271,"date":"2024-09-16T08:49:31","date_gmt":"2024-09-16T01:49:31","guid":{"rendered":"https:\/\/hoachatkhukhuan.vn\/san-pham\/quantumtec-quat\/"},"modified":"2024-10-24T17:26:06","modified_gmt":"2024-10-24T10:26:06","slug":"quantumtec-quat-vi","status":"publish","type":"product","link":"https:\/\/hoachatkhukhuan.vn\/vi\/quantumtec-quat-vi\/","title":{"rendered":"Dung d\u1ecbch QUAT QuantumTec"},"content":{"rendered":"<p><strong>QT Quat<\/strong>\u00a0l\u00e0 m\u1ed9t dung d\u1ecbch h\u1ee3p ch\u1ea5t amoni b\u1eadc 4 th\u1ebf h\u1ec7 th\u1ee9 5 \u0111\u01b0\u1ee3c s\u1eed d\u1ee5ng trong l\u0129nh v\u1ef1c d\u01b0\u1ee3c h\u1ecdc, c\u00f4ng ngh\u1ec7 sinh h\u1ecdc, thi\u1ebft b\u1ecb y t\u1ebf, ch\u0103m s\u00f3c s\u1ee9c kh\u1ecfe v\u00e0 ng\u00e0nh y t\u1ebf. QT Quat l\u00e0 m\u1ed9t ch\u1ea5t kh\u1eed tr\u00f9ng, ch\u1ea5t t\u1ea9y r\u1eeda di\u1ec7t khu\u1ea9n, ch\u1ea5t l\u00e0m s\u1ea1ch, ch\u1ea5t kh\u1eed m\u00f9i, ch\u1ea5t ch\u1ed1ng n\u1ea5m v\u00e0 ch\u1ea5t ch\u1ed1ng virus s\u1eed d\u00f9ng \u0111\u1ec3 ch\u1ed1ng l\u1ea1i vi khu\u1ea9n, virus** v\u00e0 n\u1ea5m. QT Quat \u0111\u01b0\u1ee3c s\u1eed d\u1ee5ng trong c\u00e1c khu v\u1ef1c kh\u00f4ng ti\u1ebfp x\u00fac v\u1edbi th\u1ef1c ph\u1ea9m.<\/p>\n<p><strong>QT Quat<\/strong>\u00a0kh\u00f4ng ch\u1ee9a photphate, c\u00f3 \u0111\u1ed9 pH trung t\u00ednh v\u00e0 kh\u00f4ng g\u00e2y \u0103n m\u00f2n n\u1ebfu s\u1eed d\u1ee5ng theo t\u1ef7 l\u1ec7 pha lo\u00e3ng (1:256, \u00bd Ounce \/ Gallon n\u01b0\u1edbc ho\u1eb7c t\u1ef7 l\u1ec7 t\u01b0\u01a1ng \u0111\u01b0\u01a1ng).<\/p>\n<p><strong>QT Quat<\/strong>\u00a0ng\u0103n ch\u1eb7n s\u1ef1 \u0103n m\u00f2n, t\u1ea1o c\u00e2n b\u1eb1ng pH v\u00e0 d\u1ec5 d\u00e0ng r\u1eeda s\u1ea1ch kh\u1ecfi b\u1ec1 m\u1eb7t s\u1ea3n ph\u1ea9m.<\/p>\n<p>M\u1ed7i chai \u0111\u01b0\u1ee3c m\u00e3 ho\u00e1 s\u1ed1 v\u00e0 ng\u00e0y h\u1ebft h\u1ea1n \u0111\u1ea3m b\u1ea3o t\u00ednh ngu\u1ed3n g\u1ed1c \u0111\u1ec3 c\u00f3 th\u1ec3 qu\u1ea3n l\u00fd d\u1ec5 d\u00e0ng. C\u00e1c chai \u0111\u01b0\u1ee3c l\u1eafp r\u00e1p \u0111\u1ea7y \u0111\u1ee7 v\u1edbi m\u1ed9t b\u00ecnh x\u1ecbt c\u1ea7m tay kh\u00f4ng c\u00f3 l\u1ed7 th\u00f4ng h\u01a1i, ti\u1ec7n l\u1ee3i v\u1edbi ch\u1ebf \u0111\u1ed9 phun s\u01b0\u01a1ng. H\u1ec7 th\u1ed1ng kh\u00e9p k\u00ednh gi\u1eef nguy\u00ean t\u00ednh v\u00f4 tr\u00f9ng trong su\u1ed1t qu\u00e1 tr\u00ecnh s\u1eed d\u1ee5ng s\u1ea3n ph\u1ea9m. T\u1ea5t c\u1ea3 s\u1ea3n ph\u1ea9m v\u00f4 tr\u00f9ng \u0111\u1ec1u \u0111\u01b0\u1ee3c \u0111\u00f3ng g\u00f3i trong t\u00fai poly\u00a02 l\u1edbp v\u00e0 \u0111\u1ea3m b\u1ea3o k\u00edn.<\/p>\n","protected":false},"excerpt":{"rendered":"<p>QT Quat\u00a0l\u00e0 m\u1ed9t dung d\u1ecbch h\u1ee3p ch\u1ea5t amoni b\u1eadc 4 th\u1ebf h\u1ec7 th\u1ee9 5 \u0111\u01b0\u1ee3c s\u1eed d\u1ee5ng trong l\u0129nh v\u1ef1c d\u01b0\u1ee3c h\u1ecdc, c\u00f4ng ngh\u1ec7 sinh h\u1ecdc, thi\u1ebft b\u1ecb y t\u1ebf, ch\u0103m s\u00f3c s\u1ee9c kh\u1ecfe v\u00e0 ng\u00e0nh y t\u1ebf. QT Quat l\u00e0 m\u1ed9t ch\u1ea5t kh\u1eed tr\u00f9ng, ch\u1ea5t t\u1ea9y r\u1eeda di\u1ec7t khu\u1ea9n, ch\u1ea5t l\u00e0m s\u1ea1ch, ch\u1ea5t kh\u1eed [&hellip;]<\/p>\n","protected":false},"featured_media":1025,"comment_status":"open","ping_status":"closed","template":"","meta":{"_acf_changed":false,"rank_math_lock_modified_date":false},"product_cat":[54],"product_tag":[],"class_list":{"0":"post-1271","1":"product","2":"type-product","3":"status-publish","4":"has-post-thumbnail","6":"product_cat-quantumtec-cleanroom-disinfections-vi","8":"first","9":"instock","10":"shipping-taxable","11":"product-type-simple"},"acf":[],"_links":{"self":[{"href":"https:\/\/hoachatkhukhuan.vn\/vi\/wp-json\/wp\/v2\/product\/1271","targetHints":{"allow":["GET"]}}],"collection":[{"href":"https:\/\/hoachatkhukhuan.vn\/vi\/wp-json\/wp\/v2\/product"}],"about":[{"href":"https:\/\/hoachatkhukhuan.vn\/vi\/wp-json\/wp\/v2\/types\/product"}],"replies":[{"embeddable":true,"href":"https:\/\/hoachatkhukhuan.vn\/vi\/wp-json\/wp\/v2\/comments?post=1271"}],"wp:featuredmedia":[{"embeddable":true,"href":"https:\/\/hoachatkhukhuan.vn\/vi\/wp-json\/wp\/v2\/media\/1025"}],"wp:attachment":[{"href":"https:\/\/hoachatkhukhuan.vn\/vi\/wp-json\/wp\/v2\/media?parent=1271"}],"wp:term":[{"taxonomy":"product_cat","embeddable":true,"href":"https:\/\/hoachatkhukhuan.vn\/vi\/wp-json\/wp\/v2\/product_cat?post=1271"},{"taxonomy":"product_tag","embeddable":true,"href":"https:\/\/hoachatkhukhuan.vn\/vi\/wp-json\/wp\/v2\/product_tag?post=1271"}],"curies":[{"name":"wp","href":"https:\/\/api.w.org\/{rel}","templated":true}]}}