{"id":1267,"date":"2024-09-16T08:56:15","date_gmt":"2024-09-16T01:56:15","guid":{"rendered":"https:\/\/hoachatkhukhuan.vn\/san-pham\/quantumtec-pre-satureted-nonwoven-mbpp-melt-blown-polypropylene-wipes\/"},"modified":"2024-10-24T17:25:28","modified_gmt":"2024-10-24T10:25:28","slug":"quantumtec-pre-satureted-nonwoven-mbpp-melt-blown-polypropylene-wipes-vi","status":"publish","type":"product","link":"https:\/\/hoachatkhukhuan.vn\/vi\/quantumtec-pre-satureted-nonwoven-mbpp-melt-blown-polypropylene-wipes-vi\/","title":{"rendered":"Kh\u0103n lau kh\u00f4ng d\u1ec7t MBPP QuantumTec"},"content":{"rendered":"<p>Kh\u0103n lau Melt Blown Polypropylene (MBPP) c\u00f3 \u0111\u1ed9 b\u1ec1n cao v\u00e0 r\u1ea5t s\u1ea1ch, kh\u00f4ng c\u00f3 c\u00e1c ch\u1ea5t ph\u1ee5 gia h\u00f3a h\u1ecdc v\u00e0 c\u00f3 h\u00e0m l\u01b0\u1ee3ng h\u1ea1t v\u00e0 c\u1eb7n b\u1ee5i c\u00f3 th\u1ec3 tho\u00e1t ra ngo\u00e0i l\u00e0 r\u1ea5t th\u1ea5p, l\u00e0 l\u1ef1a ch\u1ecdn l\u00fd t\u01b0\u1edfng cho vi\u1ec7c l\u00e0m s\u1ea1ch trong khu v\u1ef1c v\u00f4 tr\u00f9ng v\u00e0 lau ch\u00f9i th\u00f4ng d\u1ee5ng. Kh\u0103n lau MBPP \u0111\u01b0\u1ee3c t\u1ea9m v\u1edbi dung d\u1ecbch 70% IPA, 70% SDA v\u00e0 Detergent RTU.<\/p>\n<p><b>Kh\u0103n lau kh\u00f4ng d\u1ec7t MBPP Melt Blown Polypropylene<\/b><\/p>\n<p>Kh\u0103n lau kh\u00f4ng d\u1ec7t Nonwoven Melt Blown Polypropylene \u0111\u01b0\u1ee3c \u0111\u00f3ng g\u00f3i trong c\u00e1c t\u00fai c\u00f3 kho\u00e1 k\u00edn.<\/p>\n","protected":false},"excerpt":{"rendered":"<p>Kh\u0103n lau Melt Blown Polypropylene (MBPP) c\u00f3 \u0111\u1ed9 b\u1ec1n cao v\u00e0 r\u1ea5t s\u1ea1ch, kh\u00f4ng c\u00f3 c\u00e1c ch\u1ea5t ph\u1ee5 gia h\u00f3a h\u1ecdc v\u00e0 c\u00f3 h\u00e0m l\u01b0\u1ee3ng h\u1ea1t v\u00e0 c\u1eb7n b\u1ee5i c\u00f3 th\u1ec3 tho\u00e1t ra ngo\u00e0i l\u00e0 r\u1ea5t th\u1ea5p, l\u00e0 l\u1ef1a ch\u1ecdn l\u00fd t\u01b0\u1edfng cho vi\u1ec7c l\u00e0m s\u1ea1ch trong khu v\u1ef1c v\u00f4 tr\u00f9ng v\u00e0 lau ch\u00f9i th\u00f4ng [&hellip;]<\/p>\n","protected":false},"featured_media":1026,"comment_status":"open","ping_status":"closed","template":"","meta":{"_acf_changed":false,"rank_math_lock_modified_date":false},"product_cat":[58],"product_tag":[],"class_list":{"0":"post-1267","1":"product","2":"type-product","3":"status-publish","4":"has-post-thumbnail","6":"product_cat-qt-pre-saturated-wipes-vi","8":"first","9":"instock","10":"shipping-taxable","11":"product-type-simple"},"acf":[],"_links":{"self":[{"href":"https:\/\/hoachatkhukhuan.vn\/vi\/wp-json\/wp\/v2\/product\/1267","targetHints":{"allow":["GET"]}}],"collection":[{"href":"https:\/\/hoachatkhukhuan.vn\/vi\/wp-json\/wp\/v2\/product"}],"about":[{"href":"https:\/\/hoachatkhukhuan.vn\/vi\/wp-json\/wp\/v2\/types\/product"}],"replies":[{"embeddable":true,"href":"https:\/\/hoachatkhukhuan.vn\/vi\/wp-json\/wp\/v2\/comments?post=1267"}],"wp:featuredmedia":[{"embeddable":true,"href":"https:\/\/hoachatkhukhuan.vn\/vi\/wp-json\/wp\/v2\/media\/1026"}],"wp:attachment":[{"href":"https:\/\/hoachatkhukhuan.vn\/vi\/wp-json\/wp\/v2\/media?parent=1267"}],"wp:term":[{"taxonomy":"product_cat","embeddable":true,"href":"https:\/\/hoachatkhukhuan.vn\/vi\/wp-json\/wp\/v2\/product_cat?post=1267"},{"taxonomy":"product_tag","embeddable":true,"href":"https:\/\/hoachatkhukhuan.vn\/vi\/wp-json\/wp\/v2\/product_tag?post=1267"}],"curies":[{"name":"wp","href":"https:\/\/api.w.org\/{rel}","templated":true}]}}