{"id":1265,"date":"2024-09-16T10:34:51","date_gmt":"2024-09-16T03:34:51","guid":{"rendered":"https:\/\/hoachatkhukhuan.vn\/san-pham\/qt-nuoc-pha-tiem-wfi\/"},"modified":"2024-10-24T17:24:41","modified_gmt":"2024-10-24T10:24:41","slug":"quantumtec-wfi-vi","status":"publish","type":"product","link":"https:\/\/hoachatkhukhuan.vn\/vi\/quantumtec-wfi-vi\/","title":{"rendered":"N\u01b0\u1edbc c\u1ea5t pha ti\u00eam QuantumTec (WFI)"},"content":{"rendered":"<p><strong>QT N\u01b0\u1edbc pha ti\u00eam (QT WFI \u2013 Water for Injection)<\/strong>\u00a0\u0111\u01b0\u1ee3c s\u1ea3n xu\u1ea5t t\u1ea1i nh\u00e0 m\u00e1y \u0111\u00e3 \u0111\u01b0\u1ee3c ch\u1ee9ng nh\u1eadn theo ISO 9001, ISO 13485 v\u00e0 \u0111\u0103ng k\u00fd FDA. S\u1eed d\u1ee5ng n\u01b0\u1edbc s\u1ea1ch \u0111\u01b0\u1ee3c tinh ch\u1ebf m\u1ed9t c\u00e1ch k\u1ef9 l\u01b0\u1ee1ng th\u00f4ng qua 2 l\u1ea7n qu\u00e1 tr\u00ecnh l\u1ecdc ng\u01b0\u1ee3c osmosis v\u00e0 l\u1ecdc cu\u1ed1i c\u00f9ng v\u1edbi \u0111\u1ed9 l\u1ecdc 0.1\u03bcm. Qu\u00e1 tr\u00ecnh n\u00e0y cung c\u1ea5p ch\u1ea5t l\u01b0\u1ee3ng n\u01b0\u1edbc \u0111\u00e1p \u1ee9ng c\u00e1c ti\u00eau chu\u1ea9n N\u01b0\u1edbc pha ti\u00eam c\u1ee7a H\u1ed9i \u0111\u1ed3ng D\u01b0\u1ee3c Hoa K\u1ef3 (USP).<\/p>\n<p><strong>QT WFI<\/strong>\u00a0c\u00f2n \u0111\u01b0\u1ee3c l\u1ecdc th\u00eam \u1edf 0.22 micron trong qu\u00e1 tr\u00ecnh \u0111\u00f3ng g\u00f3i, sau \u0111\u00f3 \u0111\u01b0\u1ee3c \u0111\u1eb7t trong 2 l\u1edbp t\u00fai v\u00e0 th\u1ef1c hi\u1ec7n trong m\u00f4i tr\u01b0\u1eddng \u0111\u01b0\u1ee3c ph\u00e2n lo\u1ea1i ISO 7. Cu\u1ed1i c\u00f9ng, n\u01b0\u1edbc \u0111\u01b0\u1ee3c kh\u1eed tr\u00f9ng b\u1eb1ng tia gamma \u0111\u1ec3 \u0111\u1ea3m b\u1ea3o m\u1ee9c \u0111\u1ed9 an to\u00e0n v\u1ec7 sinh (SAL) \u1edf m\u1ee9c 10<sup>-6<\/sup>.<\/p>\n<p><strong>QT WFI<\/strong>\u00a0\u0111i k\u00e8m v\u1edbi Ch\u1ee9ng nh\u1eadn Ph\u00e2n t\u00edch (COA) v\u00e0\/ho\u1eb7c Ch\u1ee9ng nh\u1eadn Tia X\u1ea1 (COI) c\u1ee5 th\u1ec3 cho t\u1eebng m\u1eb7t h\u00e0ng, gi\u00fap cho c\u00e1c nh\u00e0 m\u00e1y d\u1ec5 d\u00e0ng c\u00f3 \u0111\u01b0\u1ee3c ch\u1ea5t l\u01b0\u1ee3ng n\u01b0\u1edbc pha ti\u00eam m\u00e0 kh\u00f4ng c\u1ea7n ph\u1ea3i lo l\u1eafng v\u1ec1 vi\u1ec7c t\u1ed1n nhi\u1ec1u chi ph\u00ed th\u1ea9m \u0111\u1ecbnh v\u00e0 b\u1ea3o d\u01b0\u1ee1ng.<\/p>\n","protected":false},"excerpt":{"rendered":"<p>QT N\u01b0\u1edbc pha ti\u00eam (QT WFI \u2013 Water for Injection)\u00a0\u0111\u01b0\u1ee3c s\u1ea3n xu\u1ea5t t\u1ea1i nh\u00e0 m\u00e1y \u0111\u00e3 \u0111\u01b0\u1ee3c ch\u1ee9ng nh\u1eadn theo ISO 9001, ISO 13485 v\u00e0 \u0111\u0103ng k\u00fd FDA. S\u1eed d\u1ee5ng n\u01b0\u1edbc s\u1ea1ch \u0111\u01b0\u1ee3c tinh ch\u1ebf m\u1ed9t c\u00e1ch k\u1ef9 l\u01b0\u1ee1ng th\u00f4ng qua 2 l\u1ea7n qu\u00e1 tr\u00ecnh l\u1ecdc ng\u01b0\u1ee3c osmosis v\u00e0 l\u1ecdc cu\u1ed1i c\u00f9ng v\u1edbi \u0111\u1ed9 l\u1ecdc [&hellip;]<\/p>\n","protected":false},"featured_media":1029,"comment_status":"open","ping_status":"closed","template":"","meta":{"_acf_changed":false,"rank_math_lock_modified_date":false},"product_cat":[54],"product_tag":[],"class_list":{"0":"post-1265","1":"product","2":"type-product","3":"status-publish","4":"has-post-thumbnail","6":"product_cat-quantumtec-cleanroom-disinfections-vi","8":"first","9":"instock","10":"shipping-taxable","11":"product-type-simple"},"acf":[],"_links":{"self":[{"href":"https:\/\/hoachatkhukhuan.vn\/vi\/wp-json\/wp\/v2\/product\/1265","targetHints":{"allow":["GET"]}}],"collection":[{"href":"https:\/\/hoachatkhukhuan.vn\/vi\/wp-json\/wp\/v2\/product"}],"about":[{"href":"https:\/\/hoachatkhukhuan.vn\/vi\/wp-json\/wp\/v2\/types\/product"}],"replies":[{"embeddable":true,"href":"https:\/\/hoachatkhukhuan.vn\/vi\/wp-json\/wp\/v2\/comments?post=1265"}],"wp:featuredmedia":[{"embeddable":true,"href":"https:\/\/hoachatkhukhuan.vn\/vi\/wp-json\/wp\/v2\/media\/1029"}],"wp:attachment":[{"href":"https:\/\/hoachatkhukhuan.vn\/vi\/wp-json\/wp\/v2\/media?parent=1265"}],"wp:term":[{"taxonomy":"product_cat","embeddable":true,"href":"https:\/\/hoachatkhukhuan.vn\/vi\/wp-json\/wp\/v2\/product_cat?post=1265"},{"taxonomy":"product_tag","embeddable":true,"href":"https:\/\/hoachatkhukhuan.vn\/vi\/wp-json\/wp\/v2\/product_tag?post=1265"}],"curies":[{"name":"wp","href":"https:\/\/api.w.org\/{rel}","templated":true}]}}