{"id":1207,"date":"2024-09-17T08:58:48","date_gmt":"2024-09-17T01:58:48","guid":{"rendered":"https:\/\/hoachatkhukhuan.vn\/san-pham\/quantumtec-concentrated-detergent\/"},"modified":"2024-10-21T09:36:44","modified_gmt":"2024-10-21T02:36:44","slug":"chat-tay-rua-dam-dac-qt-detergent","status":"publish","type":"product","link":"https:\/\/hoachatkhukhuan.vn\/vi\/chat-tay-rua-dam-dac-qt-detergent\/","title":{"rendered":"Ch\u1ea5t t\u1ea9y r\u1eeda \u0111\u1eadm \u0111\u1eb7c <br> (QuantumTec Detergent)"},"content":{"rendered":"<p><strong>QT Detergent<\/strong>\u00a0l\u00e0 m\u1ed9t ch\u1ea5t \u1ea9m, \u00edt t\u1ea1o b\u1ecdt ph\u00f9 h\u1ee3p \u0111\u1ec3 s\u1eed d\u1ee5ng tr\u00ean s\u00e0n nh\u00e0, t\u01b0\u1eddng, tr\u1ea7n v\u00e0 b\u1ec1 m\u1eb7t c\u1ee9ng. \u0110\u01b0\u1ee3c s\u1ea3n xu\u1ea5t \u0111\u1ec3 ph\u1ee5c v\u1ee5 cho c\u00e1c ho\u1ea1t \u0111\u1ed9ng nghi\u00ean c\u1ee9u D\u01b0\u1ee3c ph\u1ea9m, C\u00f4ng ngh\u1ec7 sinh h\u1ecdc, Ch\u0103m s\u00f3c s\u1ee9c kh\u1ecfe v\u00e0 Th\u00ed nghi\u1ec7m.<\/p>\n<p><strong>QT Detergent<\/strong>\u00a0c\u00f3 hi\u1ec7u qu\u1ea3 trong vi\u1ec7c lo\u1ea1i b\u1ecf c\u1eb7n c\u1ee7a c\u00e1c ch\u1ea5t kh\u1eed tr\u00f9ng khi pha lo\u00e3ng \u1edf t\u1ef7 l\u1ec7 1:128 (1 oz cho m\u1ed7i 1 gallon) v\u1edbi n\u01b0\u1edbc c\u1ee9ng ho\u1eb7c m\u1ec1m (400 ppm c\u1ee9ng nh\u01b0 CaCO). C\u00f4ng th\u1ee9c n\u00e0y t\u01b0\u01a1ng th\u00edch v\u1edbi c\u00e1c b\u1ec1 m\u1eb7t kh\u00f4ng th\u1ea9m th\u1ea5u v\u00e0 c\u00f3 kh\u1ea3 n\u0103ng kh\u00f4i ph\u1ee5c b\u1ec1 m\u1eb7t v\u1ec1 h\u00ecnh d\u1ea1ng ban \u0111\u1ea7u, \u0111\u1ea3m b\u1ea3o r\u1eb1ng qu\u00e1 tr\u00ecnh l\u00e0m s\u1ea1ch s\u1ebd x\u00e2m nh\u1eadp s\u00e2u v\u00e0o b\u1ec1 m\u1eb7t.<\/p>\n<p><strong>QT Detergent<\/strong>\u00a0c\u00f3 hi\u1ec7u qu\u1ea3 trong vi\u1ec7c lo\u1ea1i b\u1ecf c\u1eb7n b\u1edfi ch\u1ea5t s\u00e1t tr\u00f9ng, Natri Hypochlorite, ch\u1ea5t kh\u1eed tr\u00f9ng v\u00e0 c\u00f3 \u1edf d\u1ea1ng v\u00f4 tr\u00f9ng v\u00e0 kh\u00f4ng v\u00f4 tr\u00f9ng. M\u1ed7i chai \u0111\u01b0\u1ee3c m\u00e3 ho\u00e1 s\u1ed1 v\u00e0 ng\u00e0y h\u1ebft h\u1ea1n \u0111\u1ea3m b\u1ea3o t\u00ednh ngu\u1ed3n g\u1ed1c \u0111\u1ec3 c\u00f3 th\u1ec3 qu\u1ea3n l\u00fd d\u1ec5 d\u00e0ng. T\u1ea5t c\u1ea3 s\u1ea3n ph\u1ea9m v\u00f4 tr\u00f9ng \u0111\u1ec1u \u0111\u01b0\u1ee3c \u0111\u00f3ng g\u00f3i trong t\u00fai poly 2 l\u1edbp v\u00e0 \u0111\u1ea3m b\u1ea3o k\u00edn.<\/p>\n","protected":false},"excerpt":{"rendered":"<p>QT Detergent\u00a0l\u00e0 m\u1ed9t ch\u1ea5t \u1ea9m, \u00edt t\u1ea1o b\u1ecdt ph\u00f9 h\u1ee3p \u0111\u1ec3 s\u1eed d\u1ee5ng tr\u00ean s\u00e0n nh\u00e0, t\u01b0\u1eddng, tr\u1ea7n v\u00e0 b\u1ec1 m\u1eb7t c\u1ee9ng. \u0110\u01b0\u1ee3c s\u1ea3n xu\u1ea5t \u0111\u1ec3 ph\u1ee5c v\u1ee5 cho c\u00e1c ho\u1ea1t \u0111\u1ed9ng nghi\u00ean c\u1ee9u D\u01b0\u1ee3c ph\u1ea9m, C\u00f4ng ngh\u1ec7 sinh h\u1ecdc, Ch\u0103m s\u00f3c s\u1ee9c kh\u1ecfe v\u00e0 Th\u00ed nghi\u1ec7m. QT Detergent\u00a0c\u00f3 hi\u1ec7u qu\u1ea3 trong vi\u1ec7c lo\u1ea1i b\u1ecf [&hellip;]<\/p>\n","protected":false},"featured_media":1081,"comment_status":"open","ping_status":"closed","template":"","meta":{"_acf_changed":false,"rank_math_lock_modified_date":false},"product_cat":[54],"product_tag":[],"class_list":{"0":"post-1207","1":"product","2":"type-product","3":"status-publish","4":"has-post-thumbnail","6":"product_cat-quantumtec-cleanroom-disinfections-vi","8":"first","9":"instock","10":"shipping-taxable","11":"product-type-simple"},"acf":[],"_links":{"self":[{"href":"https:\/\/hoachatkhukhuan.vn\/vi\/wp-json\/wp\/v2\/product\/1207","targetHints":{"allow":["GET"]}}],"collection":[{"href":"https:\/\/hoachatkhukhuan.vn\/vi\/wp-json\/wp\/v2\/product"}],"about":[{"href":"https:\/\/hoachatkhukhuan.vn\/vi\/wp-json\/wp\/v2\/types\/product"}],"replies":[{"embeddable":true,"href":"https:\/\/hoachatkhukhuan.vn\/vi\/wp-json\/wp\/v2\/comments?post=1207"}],"wp:featuredmedia":[{"embeddable":true,"href":"https:\/\/hoachatkhukhuan.vn\/vi\/wp-json\/wp\/v2\/media\/1081"}],"wp:attachment":[{"href":"https:\/\/hoachatkhukhuan.vn\/vi\/wp-json\/wp\/v2\/media?parent=1207"}],"wp:term":[{"taxonomy":"product_cat","embeddable":true,"href":"https:\/\/hoachatkhukhuan.vn\/vi\/wp-json\/wp\/v2\/product_cat?post=1207"},{"taxonomy":"product_tag","embeddable":true,"href":"https:\/\/hoachatkhukhuan.vn\/vi\/wp-json\/wp\/v2\/product_tag?post=1207"}],"curies":[{"name":"wp","href":"https:\/\/api.w.org\/{rel}","templated":true}]}}